{"id":2969,"date":"2022-03-22T18:31:03","date_gmt":"2022-03-22T15:31:03","guid":{"rendered":"https:\/\/ejercongress.org\/2024\/?page_id=2969"},"modified":"2024-01-06T15:10:26","modified_gmt":"2024-01-06T12:10:26","slug":"full-text-book","status":"publish","type":"page","link":"https:\/\/ejercongress.org\/2024\/en\/full-text-book\/","title":{"rendered":"Full Text Book"},"content":{"rendered":"\t\t<div data-elementor-type=\"wp-page\" data-elementor-id=\"2969\" class=\"elementor elementor-2969\">\n\t\t\t\t\t\t<section class=\"elementor-section elementor-top-section elementor-element elementor-element-1b1ee94f elementor-section-boxed elementor-section-height-default elementor-section-height-default\" data-id=\"1b1ee94f\" data-element_type=\"section\">\n\t\t\t\t\t\t<div class=\"elementor-container elementor-column-gap-default\">\n\t\t\t\t\t<div class=\"elementor-column elementor-col-100 elementor-top-column elementor-element elementor-element-54fd51c6\" data-id=\"54fd51c6\" data-element_type=\"column\">\n\t\t\t<div class=\"elementor-widget-wrap elementor-element-populated\">\n\t\t\t\t\t\t<div class=\"elementor-element elementor-element-329083a3 elementor-widget elementor-widget-text-editor\" data-id=\"329083a3\" data-element_type=\"widget\" data-widget_type=\"text-editor.default\">\n\t\t\t\t<div class=\"elementor-widget-container\">\n\t\t\t<style>\/*! elementor - v3.21.0 - 08-05-2024 *\/\n.elementor-widget-text-editor.elementor-drop-cap-view-stacked .elementor-drop-cap{background-color:#69727d;color:#fff}.elementor-widget-text-editor.elementor-drop-cap-view-framed .elementor-drop-cap{color:#69727d;border:3px solid;background-color:transparent}.elementor-widget-text-editor:not(.elementor-drop-cap-view-default) .elementor-drop-cap{margin-top:8px}.elementor-widget-text-editor:not(.elementor-drop-cap-view-default) .elementor-drop-cap-letter{width:1em;height:1em}.elementor-widget-text-editor .elementor-drop-cap{float:left;text-align:center;line-height:1;font-size:50px}.elementor-widget-text-editor .elementor-drop-cap-letter{display:inline-block}<\/style>\t\t\t\t<table width=\"578\"><tbody><tr><td><p><a href=\"https:\/\/drive.google.com\/file\/d\/15gJBT0B1siJm1CAviRGWsODVlJ-Fryxd\/view?usp=sharing\">2014\u00a0\u0130stanbul University<\/a><\/p><\/td><td width=\"16\">\u00a0<\/td><\/tr><tr><td><p><a href=\"https:\/\/drive.google.com\/file\/d\/15zlnJ9U9OgAM4F47NKBUEDOzQr9IDZhy\/view?usp=sharing\">2015\u00a0Hacettepe University<\/a><\/p><\/td><td width=\"16\">\u00a0<\/td><\/tr><tr><td><p><a href=\"https:\/\/drive.google.com\/file\/d\/1cWG4ChietW-evK0CSMEvjqsiRaZhLocD\/view?usp=sharing\">2016\u00a0Mu\u011fla S\u0131tk\u0131 Ko\u00e7man University<\/a><\/p><\/td><td width=\"16\">\u00a0<\/td><\/tr><tr><td><p><a href=\"https:\/\/drive.google.com\/file\/d\/1QYhTmBHLomFex57lmSMdL9KsymxpwoKr\/view?usp=sharing\">2017\u00a0Pamukkale University<\/a><\/p><\/td><td width=\"16\">\u00a0<\/td><\/tr><tr><td><p><a href=\"https:\/\/drive.google.com\/file\/d\/1YtGwrWlZijMUEK2VFtaX0zbuh5famBYs\/view?usp=sharing\">2018\u00a0Akdeniz University<\/a><\/p><\/td><td width=\"16\">\u00a0<\/td><\/tr><tr><td><p><a href=\"https:\/\/drive.google.com\/file\/d\/1OH9ooZhgUaqc8-pVVNA2WYMXV6caY-tI\/view?usp=sharing\">2019\u00a0Ankara University<\/a><\/p><\/td><td width=\"16\">\u00a0<\/td><\/tr><tr><td><p><a href=\"https:\/\/drive.google.com\/file\/d\/1RvIEWFv2wyi4vlWvx8uqIrved5_SWd3u\/view?usp=sharing\">2020\u00a0Eski\u015fehir Anadolu University<\/a><\/p><\/td><td width=\"16\">\u00a0<\/td><\/tr><tr><td><p><a href=\"https:\/\/drive.google.com\/file\/d\/1wWnCElozrG8_OnX8qE125FvNA1DUo2uC\/view?usp=sharing\">2021\u00a0Aksaray University<\/a><\/p><\/td><td width=\"16\">\u00a0<\/td><\/tr><tr><td><p><a href=\"https:\/\/ejercongress.org\/2024\/ejercongress-2022-full-texts-book\/\">2022 Ege University<\/a><\/p><\/td><td width=\"16\">\u00a0<\/td><\/tr><tr><td><p><a href=\"https:\/\/drive.google.com\/file\/d\/1TjgzxU4DqxzKEXwkDFpYZFhtnLeDwnei\/view?usp=drive_link\">2023 TED University<\/a><\/p><\/td><td width=\"16\">\u00a0<\/td><\/tr><\/tbody><\/table>\t\t\t\t\t\t<\/div>\n\t\t\t\t<\/div>\n\t\t\t\t\t<\/div>\n\t\t<\/div>\n\t\t\t\t\t<\/div>\n\t\t<\/section>\n\t\t\t\t<\/div>\n\t\t","protected":false},"excerpt":{"rendered":"<p>2014\u00a0\u0130stanbul University \u00a0 2015\u00a0Hacettepe University \u00a0 2016\u00a0Mu\u011fla S\u0131tk\u0131 Ko\u00e7man University \u00a0 2017\u00a0Pamukkale University \u00a0 2018\u00a0Akdeniz University \u00a0 2019\u00a0Ankara University \u00a0 2020\u00a0Eski\u015fehir Anadolu University \u00a0 2021\u00a0Aksaray University \u00a0 2022 Ege University \u00a0 2023 TED University \u00a0<\/p>\n","protected":false},"author":1,"featured_media":0,"parent":0,"menu_order":0,"comment_status":"closed","ping_status":"closed","template":"","meta":{"_uag_custom_page_level_css":"","site-sidebar-layout":"default","site-content-layout":"","ast-site-content-layout":"","site-content-style":"default","site-sidebar-style":"default","ast-global-header-display":"","ast-banner-title-visibility":"","ast-main-header-display":"","ast-hfb-above-header-display":"","ast-hfb-below-header-display":"","ast-hfb-mobile-header-display":"","site-post-title":"","ast-breadcrumbs-content":"","ast-featured-img":"","footer-sml-layout":"","theme-transparent-header-meta":"","adv-header-id-meta":"","stick-header-meta":"","header-above-stick-meta":"","header-main-stick-meta":"","header-below-stick-meta":"","astra-migrate-meta-layouts":"default","ast-page-background-enabled":"default","ast-page-background-meta":{"desktop":{"background-color":"var(--ast-global-color-4)","background-image":"","background-repeat":"repeat","background-position":"center center","background-size":"auto","background-attachment":"scroll","background-type":"","background-media":"","overlay-type":"","overlay-color":"","overlay-gradient":""},"tablet":{"background-color":"","background-image":"","background-repeat":"repeat","background-position":"center center","background-size":"auto","background-attachment":"scroll","background-type":"","background-media":"","overlay-type":"","overlay-color":"","overlay-gradient":""},"mobile":{"background-color":"","background-image":"","background-repeat":"repeat","background-position":"center center","background-size":"auto","background-attachment":"scroll","background-type":"","background-media":"","overlay-type":"","overlay-color":"","overlay-gradient":""}},"ast-content-background-meta":{"desktop":{"background-color":"var(--ast-global-color-5)","background-image":"","background-repeat":"repeat","background-position":"center center","background-size":"auto","background-attachment":"scroll","background-type":"","background-media":"","overlay-type":"","overlay-color":"","overlay-gradient":""},"tablet":{"background-color":"var(--ast-global-color-5)","background-image":"","background-repeat":"repeat","background-position":"center center","background-size":"auto","background-attachment":"scroll","background-type":"","background-media":"","overlay-type":"","overlay-color":"","overlay-gradient":""},"mobile":{"background-color":"var(--ast-global-color-5)","background-image":"","background-repeat":"repeat","background-position":"center center","background-size":"auto","background-attachment":"scroll","background-type":"","background-media":"","overlay-type":"","overlay-color":"","overlay-gradient":""}},"footnotes":""},"class_list":["post-2969","page","type-page","status-publish","hentry"],"uagb_featured_image_src":{"full":false,"thumbnail":false,"medium":false,"medium_large":false,"large":false,"1536x1536":false,"2048x2048":false},"uagb_author_info":{"display_name":"ejerr","author_link":"https:\/\/ejercongress.org\/2024\/author\/ejerr\/"},"uagb_comment_info":0,"uagb_excerpt":"2014\u00a0\u0130stanbul University \u00a0 2015\u00a0Hacettepe University \u00a0 2016\u00a0Mu\u011fla S\u0131tk\u0131 Ko\u00e7man University \u00a0 2017\u00a0Pamukkale University \u00a0 2018\u00a0Akdeniz University \u00a0 2019\u00a0Ankara University \u00a0 2020\u00a0Eski\u015fehir Anadolu University \u00a0 2021\u00a0Aksaray University \u00a0 2022 Ege University \u00a0 2023 TED University \u00a0","_links":{"self":[{"href":"https:\/\/ejercongress.org\/2024\/wp-json\/wp\/v2\/pages\/2969","targetHints":{"allow":["GET"]}}],"collection":[{"href":"https:\/\/ejercongress.org\/2024\/wp-json\/wp\/v2\/pages"}],"about":[{"href":"https:\/\/ejercongress.org\/2024\/wp-json\/wp\/v2\/types\/page"}],"author":[{"embeddable":true,"href":"https:\/\/ejercongress.org\/2024\/wp-json\/wp\/v2\/users\/1"}],"replies":[{"embeddable":true,"href":"https:\/\/ejercongress.org\/2024\/wp-json\/wp\/v2\/comments?post=2969"}],"version-history":[{"count":0,"href":"https:\/\/ejercongress.org\/2024\/wp-json\/wp\/v2\/pages\/2969\/revisions"}],"wp:attachment":[{"href":"https:\/\/ejercongress.org\/2024\/wp-json\/wp\/v2\/media?parent=2969"}],"curies":[{"name":"wp","href":"https:\/\/api.w.org\/{rel}","templated":true}]}}