{"id":1584,"date":"2022-03-01T14:16:03","date_gmt":"2022-03-01T11:16:03","guid":{"rendered":"https:\/\/ejercongress.org\/2024\/?page_id=1584"},"modified":"2024-05-08T11:11:33","modified_gmt":"2024-05-08T08:11:33","slug":"kayit-ve-odeme","status":"publish","type":"page","link":"https:\/\/ejercongress.org\/2024\/kayit-ve-odeme\/","title":{"rendered":"Kay\u0131t ve \u00d6deme"},"content":{"rendered":"\t\t<div data-elementor-type=\"wp-page\" data-elementor-id=\"1584\" class=\"elementor elementor-1584\">\n\t\t\t\t\t\t<section class=\"elementor-section elementor-top-section elementor-element elementor-element-3774860a elementor-section-boxed elementor-section-height-default elementor-section-height-default\" data-id=\"3774860a\" data-element_type=\"section\">\n\t\t\t\t\t\t<div class=\"elementor-container elementor-column-gap-default\">\n\t\t\t\t\t<div class=\"elementor-column elementor-col-100 elementor-top-column elementor-element elementor-element-518927d\" data-id=\"518927d\" data-element_type=\"column\">\n\t\t\t<div class=\"elementor-widget-wrap elementor-element-populated\">\n\t\t\t\t\t\t<div class=\"elementor-element elementor-element-21763553 elementor-widget elementor-widget-text-editor\" data-id=\"21763553\" data-element_type=\"widget\" data-widget_type=\"text-editor.default\">\n\t\t\t\t<div class=\"elementor-widget-container\">\n\t\t\t<style>\/*! elementor - v3.21.0 - 08-05-2024 *\/\n.elementor-widget-text-editor.elementor-drop-cap-view-stacked .elementor-drop-cap{background-color:#69727d;color:#fff}.elementor-widget-text-editor.elementor-drop-cap-view-framed .elementor-drop-cap{color:#69727d;border:3px solid;background-color:transparent}.elementor-widget-text-editor:not(.elementor-drop-cap-view-default) .elementor-drop-cap{margin-top:8px}.elementor-widget-text-editor:not(.elementor-drop-cap-view-default) .elementor-drop-cap-letter{width:1em;height:1em}.elementor-widget-text-editor .elementor-drop-cap{float:left;text-align:center;line-height:1;font-size:50px}.elementor-widget-text-editor .elementor-drop-cap-letter{display:inline-block}<\/style>\t\t\t\t<table><tbody><tr><td width=\"302\"><p style=\"text-align: center;\"><strong>KONGREYE Y\u00dcZ Y\u00dcZE KATILIM \u00dcCRETLER\u0130<\/strong><\/p><\/td><td width=\"302\"><p style=\"text-align: center;\"><strong>SON \u00d6DEME TAR\u0130H\u0130<\/strong><strong><br \/>5 May\u0131s 2024<br \/>(KKTC vatanda\u015flar\u0131 ile<br \/>T\u00fcrk Cumhuriyetlerindeki kat\u0131l\u0131mc\u0131lar i\u00e7in)<\/strong><\/p><\/td><\/tr><tr><td width=\"302\"><h6><strong>1. Bildiri<\/strong><\/h6><\/td><td width=\"302\"><p>1850 T\u00fcrk liras\u0131<\/p><\/td><\/tr><tr><td width=\"302\"><h6>2. Bildiri (Ayn\u0131 Yazar)<\/h6><\/td><td width=\"302\"><p>1250 T\u00fcrk liras\u0131<\/p><\/td><\/tr><tr><td width=\"302\"><h6>3. Bildiri (Ayn\u0131 Yazar)<\/h6><\/td><td width=\"302\"><p>1000 T\u00fcrk liras\u0131<\/p><\/td><\/tr><tr><td width=\"302\"><h6>\u00c7ok Yazarl\u0131 Bildirilerde Di\u011fer Yazar<\/h6><\/td><td width=\"302\"><p>850 T\u00fcrk liras\u0131<\/p><\/td><\/tr><tr><td width=\"302\"><p><strong>Poster Sunum<\/strong><\/p><\/td><td width=\"302\"><p>1850 T\u00fcrk liras\u0131<\/p><\/td><\/tr><tr><td width=\"302\"><h6>\u00c7al\u0131\u015ftay ve Dinleyici Kat\u0131l\u0131m \u00dccreti<\/h6><\/td><td width=\"302\"><p>\u00dccretsizdir<\/p><\/td><\/tr><\/tbody><\/table><table style=\"font-family: var( --e-global-typography-secondary-font-family ), Sans-serif; font-weight: var( --e-global-typography-secondary-font-weight ); background-color: var(--ast-global-color-5); color: var(--ast-global-color-3); font-size: 1rem;\" width=\"770\"><thead><tr><td width=\"384\"><p style=\"text-align: center;\"><strong>KONGREYE ONLINE KATILIM \u00dcCRETLER\u0130<\/strong><\/p><\/td><td width=\"380\"><p style=\"text-align: center;\"><strong>SON \u00d6DEME TAR\u0130H\u0130<br \/>5 May\u0131s 2024<br \/>(KKTC vatanda\u015flar\u0131 ile<br \/>T\u00fcrk Cumhuriyetlerindeki kat\u0131l\u0131mc\u0131lar i\u00e7in)<\/strong><\/p><\/td><\/tr><\/thead><tbody><tr><td width=\"384\"><h6>1. Bildiri<\/h6><\/td><td width=\"380\"><h6><span style=\"font-weight: normal;\">1300 T\u00fcrk liras\u0131<\/span><\/h6><\/td><\/tr><tr><td width=\"384\"><h6>2. Bildiri (Ayn\u0131 Yazar)<\/h6><\/td><td width=\"380\"><h6><span style=\"font-weight: normal;\">950 T\u00fcrk liras\u0131<\/span><\/h6><\/td><\/tr><tr><td width=\"384\"><h6>3. Bildiri (Ayn\u0131 Yazar)<\/h6><\/td><td width=\"380\"><h6><span style=\"font-weight: normal;\">800 T\u00fcrk liras\u0131<\/span><\/h6><\/td><\/tr><tr><td width=\"384\"><h6>\u00c7ok Yazarl\u0131 Bildirilerde Di\u011fer Yazar<\/h6><\/td><td width=\"380\"><h6><span style=\"font-weight: normal;\">750 T\u00fcrk liras\u0131<\/span><\/h6><\/td><\/tr><tr><td width=\"384\">\u00a0<\/td><td width=\"380\">\u00a0<\/td><\/tr><tr><td width=\"384\"><p><b>\u00c7al\u0131\u015ftay ve Dinleyici Kat\u0131l\u0131m \u00dccreti<\/b><\/p><\/td><td width=\"380\"><p>\u00dccretsizdir<\/p><\/td><\/tr><\/tbody><\/table><table width=\"770\"><tbody><tr><td><p><strong>* \u00dccretlere KDV dahildir.<\/strong><\/p><\/td><\/tr><tr><td><p>** Y\u00fcz y\u00fcze kat\u0131l\u0131m \u00fccretlerine SUNUM + ETK\u0130NL\u0130KLERE KATILIM + \u0130KRAM +\u00a0 \u00d6\u011eLE YEME\u011e\u0130 ve KONGRE \u00c7ANTASI d\u00e2hildir.<\/p><\/td><\/tr><tr><td><p>\u00a0<strong>***\u00d6NEML\u0130 NOTLAR***<\/strong><\/p><\/td><\/tr><tr><td><p><strong>D\u0130KKAT !<\/strong>\u00a0<br \/>Bildirilerde di\u011fer yazar olarak kay\u0131t yapt\u0131ran ve Kat\u0131l\u0131m Sertifikas\u0131 talep eden kat\u0131l\u0131mc\u0131lar\u0131n di\u011fer yazar olduklar\u0131 her bildiri i\u00e7in ayr\u0131 ayr\u0131 \u00f6deme yapmas\u0131 gerekmektedir.\u00a0<\/p><p>Kat\u0131l\u0131m \u00fccretlerinin \u00f6ncelikli olarak Bildiri Y\u00f6netim Sitemimiz \u00fczerinden yap\u0131lmas\u0131 istenmektedir. Fakat Sanal Pos ile \u00f6demede sorun ya\u015fayan kat\u0131l\u0131mc\u0131lar a\u015fa\u011f\u0131daki hesaba Havale\/EFT yapabilirler.\u00a0<\/p><p><strong>***EFT\/HAVALE YOLUYLA \u00d6DEMEK \u0130\u00c7\u0130N***<br \/><\/strong>An\u0131 Yay\u0131nc\u0131l\u0131k E\u011fitim ve Dan\u0131\u015fmanl\u0131k<br \/>Halk Bankas\u0131<br \/>Ankara K\u0131z\u0131lay \u015eubesi (412)<br \/>Hesap Numaras\u0131: 10260921<br \/>IBAN:\u00a0TR71 0001 2009 4120 0010 2609 21<\/p><\/td><\/tr><tr><td><p><strong>***KONGRE KAYIT \u0130PTAL\u0130***<\/strong><br \/>Kay\u0131t iptali kongre program\u0131 ilan edilmeden \u00f6nce ger\u00e7ekle\u015ftirilir. Sanal Pos kullan\u0131m \u00fccreti, havale \u00fccreti ve KDV (fatura kesilmi\u015fse) kesildikten sonra \u00fccret iadesi ger\u00e7ekle\u015ftirilir.\u00a0<u>Kongre program\u0131n\u0131n ilan edilmesinden sonra kay\u0131t iptali ve \u00fccret iadesi kesinlikle yap\u0131lmaz.<\/u><\/p><\/td><\/tr><\/tbody><\/table>\t\t\t\t\t\t<\/div>\n\t\t\t\t<\/div>\n\t\t\t\t<div class=\"elementor-element elementor-element-32bce61 elementor-button-success elementor-invisible elementor-widget elementor-widget-button\" data-id=\"32bce61\" data-element_type=\"widget\" data-settings=\"{&quot;_animation&quot;:&quot;pulse&quot;}\" data-widget_type=\"button.default\">\n\t\t\t\t<div class=\"elementor-widget-container\">\n\t\t\t\t\t<div class=\"elementor-button-wrapper\">\n\t\t\t<a class=\"elementor-button elementor-button-link elementor-size-sm\" href=\"https:\/\/ejer.congress.gen.tr\/\">\n\t\t\t\t\t\t<span class=\"elementor-button-content-wrapper\">\n\t\t\t\t\t\t<span class=\"elementor-button-icon elementor-align-icon-left\">\n\t\t\t\t<i aria-hidden=\"true\" class=\"fas fa-money-check\"><\/i>\t\t\t<\/span>\n\t\t\t\t\t\t\t\t\t<span class=\"elementor-button-text\">     Kay\u0131t ve \u00d6deme<\/span>\n\t\t\t\t\t<\/span>\n\t\t\t\t\t<\/a>\n\t\t<\/div>\n\t\t\t\t<\/div>\n\t\t\t\t<\/div>\n\t\t\t\t\t<\/div>\n\t\t<\/div>\n\t\t\t\t\t<\/div>\n\t\t<\/section>\n\t\t\t\t<\/div>\n\t\t","protected":false},"excerpt":{"rendered":"<p>KONGREYE Y\u00dcZ Y\u00dcZE KATILIM \u00dcCRETLER\u0130 SON \u00d6DEME TAR\u0130H\u01305 May\u0131s 2024(KKTC vatanda\u015flar\u0131 ileT\u00fcrk Cumhuriyetlerindeki kat\u0131l\u0131mc\u0131lar i\u00e7in) 1. Bildiri 1850 T\u00fcrk liras\u0131 2. Bildiri (Ayn\u0131 Yazar) 1250 T\u00fcrk liras\u0131 3. Bildiri (Ayn\u0131 Yazar) 1000 T\u00fcrk liras\u0131 \u00c7ok Yazarl\u0131 Bildirilerde Di\u011fer Yazar 850 T\u00fcrk liras\u0131 Poster Sunum 1850 T\u00fcrk liras\u0131 \u00c7al\u0131\u015ftay ve Dinleyici Kat\u0131l\u0131m \u00dccreti \u00dccretsizdir KONGREYE ONLINE [&hellip;]<\/p>\n","protected":false},"author":1,"featured_media":0,"parent":0,"menu_order":0,"comment_status":"closed","ping_status":"closed","template":"","meta":{"_uag_custom_page_level_css":"","site-sidebar-layout":"default","site-content-layout":"","ast-site-content-layout":"default","site-content-style":"default","site-sidebar-style":"default","ast-global-header-display":"","ast-banner-title-visibility":"","ast-main-header-display":"","ast-hfb-above-header-display":"","ast-hfb-below-header-display":"","ast-hfb-mobile-header-display":"","site-post-title":"","ast-breadcrumbs-content":"","ast-featured-img":"","footer-sml-layout":"","theme-transparent-header-meta":"","adv-header-id-meta":"","stick-header-meta":"","header-above-stick-meta":"","header-main-stick-meta":"","header-below-stick-meta":"","astra-migrate-meta-layouts":"set","ast-page-background-enabled":"default","ast-page-background-meta":{"desktop":{"background-color":"var(--ast-global-color-4)","background-image":"","background-repeat":"repeat","background-position":"center center","background-size":"auto","background-attachment":"scroll","background-type":"","background-media":"","overlay-type":"","overlay-color":"","overlay-gradient":""},"tablet":{"background-color":"","background-image":"","background-repeat":"repeat","background-position":"center center","background-size":"auto","background-attachment":"scroll","background-type":"","background-media":"","overlay-type":"","overlay-color":"","overlay-gradient":""},"mobile":{"background-color":"","background-image":"","background-repeat":"repeat","background-position":"center center","background-size":"auto","background-attachment":"scroll","background-type":"","background-media":"","overlay-type":"","overlay-color":"","overlay-gradient":""}},"ast-content-background-meta":{"desktop":{"background-color":"var(--ast-global-color-5)","background-image":"","background-repeat":"repeat","background-position":"center center","background-size":"auto","background-attachment":"scroll","background-type":"","background-media":"","overlay-type":"","overlay-color":"","overlay-gradient":""},"tablet":{"background-color":"var(--ast-global-color-5)","background-image":"","background-repeat":"repeat","background-position":"center center","background-size":"auto","background-attachment":"scroll","background-type":"","background-media":"","overlay-type":"","overlay-color":"","overlay-gradient":""},"mobile":{"background-color":"var(--ast-global-color-5)","background-image":"","background-repeat":"repeat","background-position":"center center","background-size":"auto","background-attachment":"scroll","background-type":"","background-media":"","overlay-type":"","overlay-color":"","overlay-gradient":""}},"footnotes":""},"class_list":["post-1584","page","type-page","status-publish","hentry"],"uagb_featured_image_src":{"full":false,"thumbnail":false,"medium":false,"medium_large":false,"large":false,"1536x1536":false,"2048x2048":false},"uagb_author_info":{"display_name":"ejerr","author_link":"https:\/\/ejercongress.org\/2024\/author\/ejerr\/"},"uagb_comment_info":0,"uagb_excerpt":"KONGREYE Y\u00dcZ Y\u00dcZE KATILIM \u00dcCRETLER\u0130 SON \u00d6DEME TAR\u0130H\u01305 May\u0131s 2024(KKTC vatanda\u015flar\u0131 ileT\u00fcrk Cumhuriyetlerindeki kat\u0131l\u0131mc\u0131lar i\u00e7in) 1. Bildiri 1850 T\u00fcrk liras\u0131 2. Bildiri (Ayn\u0131 Yazar) 1250 T\u00fcrk liras\u0131 3. Bildiri (Ayn\u0131 Yazar) 1000 T\u00fcrk liras\u0131 \u00c7ok Yazarl\u0131 Bildirilerde Di\u011fer Yazar 850 T\u00fcrk liras\u0131 Poster Sunum 1850 T\u00fcrk liras\u0131 \u00c7al\u0131\u015ftay ve Dinleyici Kat\u0131l\u0131m \u00dccreti \u00dccretsizdir KONGREYE ONLINE&hellip;","_links":{"self":[{"href":"https:\/\/ejercongress.org\/2024\/wp-json\/wp\/v2\/pages\/1584","targetHints":{"allow":["GET"]}}],"collection":[{"href":"https:\/\/ejercongress.org\/2024\/wp-json\/wp\/v2\/pages"}],"about":[{"href":"https:\/\/ejercongress.org\/2024\/wp-json\/wp\/v2\/types\/page"}],"author":[{"embeddable":true,"href":"https:\/\/ejercongress.org\/2024\/wp-json\/wp\/v2\/users\/1"}],"replies":[{"embeddable":true,"href":"https:\/\/ejercongress.org\/2024\/wp-json\/wp\/v2\/comments?post=1584"}],"version-history":[{"count":3,"href":"https:\/\/ejercongress.org\/2024\/wp-json\/wp\/v2\/pages\/1584\/revisions"}],"predecessor-version":[{"id":11631,"href":"https:\/\/ejercongress.org\/2024\/wp-json\/wp\/v2\/pages\/1584\/revisions\/11631"}],"wp:attachment":[{"href":"https:\/\/ejercongress.org\/2024\/wp-json\/wp\/v2\/media?parent=1584"}],"curies":[{"name":"wp","href":"https:\/\/api.w.org\/{rel}","templated":true}]}}